{"id":2050,"date":"2019-01-18T07:18:15","date_gmt":"2019-01-18T05:18:15","guid":{"rendered":"https:\/\/rethymno-villas.gr\/?page_id=2050"},"modified":"2019-04-15T09:01:18","modified_gmt":"2019-04-15T06:01:18","slug":"home-de","status":"publish","type":"page","link":"https:\/\/www.rethymno-villas.gr\/de\/","title":{"rendered":"Home de"},"content":{"rendered":"","protected":false},"excerpt":{"rendered":"","protected":false},"author":1,"featured_media":0,"parent":2048,"menu_order":0,"comment_status":"closed","ping_status":"closed","template":"templates\/front-page.php","meta":{"_acf_changed":false,"footnotes":""},"class_list":["post-2050","page","type-page","status-publish","hentry"],"acf":[],"yoast_head":"<!-- This site is optimized with the Yoast SEO plugin v25.6 - https:\/\/yoast.com\/wordpress\/plugins\/seo\/ -->\n<title>Rethymno Urlaub in einer luxuri\u00f6sen Villa mit privatem Pool und K\u00fcche<\/title>\n<meta name=\"description\" content=\"Rethymno Urlaub in 4 Villen in den D\u00f6rfern Gerani und Atsipopoulo. Mieten Sie Rethymno Villen mit privatem Pool - mit K\u00fcche - kostenlosem Wifi\" \/>\n<meta name=\"robots\" content=\"index, follow, max-snippet:-1, max-image-preview:large, max-video-preview:-1\" \/>\n<link rel=\"canonical\" href=\"https:\/\/www.rethymno-villas.gr\/de\/book-now\/home-de\/\" \/>\n<meta property=\"og:locale\" content=\"de_DE\" \/>\n<meta property=\"og:type\" content=\"article\" \/>\n<meta property=\"og:title\" content=\"Rethymno Urlaub in einer luxuri\u00f6sen Villa mit privatem Pool und K\u00fcche\" \/>\n<meta property=\"og:description\" content=\"Rethymno Urlaub in 4 Villen in den D\u00f6rfern Gerani und Atsipopoulo. Mieten Sie Rethymno Villen mit privatem Pool - mit K\u00fcche - kostenlosem Wifi\" \/>\n<meta property=\"og:url\" content=\"https:\/\/www.rethymno-villas.gr\/de\/book-now\/home-de\/\" \/>\n<meta property=\"og:site_name\" content=\"Rethymno Villas\" \/>\n<meta property=\"article:modified_time\" content=\"2019-04-15T06:01:18+00:00\" \/>\n<meta name=\"twitter:card\" content=\"summary_large_image\" \/>\n<!-- \/ Yoast SEO plugin. -->","yoast_head_json":{"title":"Rethymno Urlaub in einer luxuri\u00f6sen Villa mit privatem Pool und K\u00fcche","description":"Rethymno Urlaub in 4 Villen in den D\u00f6rfern Gerani und Atsipopoulo. Mieten Sie Rethymno Villen mit privatem Pool - mit K\u00fcche - kostenlosem Wifi","robots":{"index":"index","follow":"follow","max-snippet":"max-snippet:-1","max-image-preview":"max-image-preview:large","max-video-preview":"max-video-preview:-1"},"canonical":"https:\/\/www.rethymno-villas.gr\/de\/book-now\/home-de\/","og_locale":"de_DE","og_type":"article","og_title":"Rethymno Urlaub in einer luxuri\u00f6sen Villa mit privatem Pool und K\u00fcche","og_description":"Rethymno Urlaub in 4 Villen in den D\u00f6rfern Gerani und Atsipopoulo. Mieten Sie Rethymno Villen mit privatem Pool - mit K\u00fcche - kostenlosem Wifi","og_url":"https:\/\/www.rethymno-villas.gr\/de\/book-now\/home-de\/","og_site_name":"Rethymno Villas","article_modified_time":"2019-04-15T06:01:18+00:00","twitter_card":"summary_large_image","schema":{"@context":"https:\/\/schema.org","@graph":[{"@type":"WebPage","@id":"https:\/\/www.rethymno-villas.gr\/de\/book-now\/home-de\/","url":"https:\/\/www.rethymno-villas.gr\/de\/book-now\/home-de\/","name":"Rethymno Urlaub in einer luxuri\u00f6sen Villa mit privatem Pool und K\u00fcche","isPartOf":{"@id":"https:\/\/www.rethymno-villas.gr\/en\/#website"},"datePublished":"2019-01-18T05:18:15+00:00","dateModified":"2019-04-15T06:01:18+00:00","description":"Rethymno Urlaub in 4 Villen in den D\u00f6rfern Gerani und Atsipopoulo. Mieten Sie Rethymno Villen mit privatem Pool - mit K\u00fcche - kostenlosem Wifi","breadcrumb":{"@id":"https:\/\/www.rethymno-villas.gr\/de\/book-now\/home-de\/#breadcrumb"},"inLanguage":"de","potentialAction":[{"@type":"ReadAction","target":["https:\/\/www.rethymno-villas.gr\/de\/book-now\/home-de\/"]}]},{"@type":"BreadcrumbList","@id":"https:\/\/www.rethymno-villas.gr\/de\/book-now\/home-de\/#breadcrumb","itemListElement":[{"@type":"ListItem","position":1,"name":"Home","item":"https:\/\/www.rethymno-villas.gr\/de\/book-now\/home-de\/"},{"@type":"ListItem","position":2,"name":"Reservierungen","item":"https:\/\/www.rethymno-villas.gr\/de\/book-now\/"},{"@type":"ListItem","position":3,"name":"Home de"}]},{"@type":"WebSite","@id":"https:\/\/www.rethymno-villas.gr\/en\/#website","url":"https:\/\/www.rethymno-villas.gr\/en\/","name":"Rethymno Villas","description":"","publisher":{"@id":"https:\/\/www.rethymno-villas.gr\/en\/#organization"},"potentialAction":[{"@type":"SearchAction","target":{"@type":"EntryPoint","urlTemplate":"https:\/\/www.rethymno-villas.gr\/en\/?s={search_term_string}"},"query-input":{"@type":"PropertyValueSpecification","valueRequired":true,"valueName":"search_term_string"}}],"inLanguage":"de"},{"@type":"Organization","@id":"https:\/\/www.rethymno-villas.gr\/en\/#organization","name":"Rethymno Villas","url":"https:\/\/www.rethymno-villas.gr\/en\/","logo":{"@type":"ImageObject","inLanguage":"de","@id":"https:\/\/www.rethymno-villas.gr\/en\/#\/schema\/logo\/image\/","url":"https:\/\/www.rethymno-villas.gr\/wp-content\/uploads\/2019\/01\/rethymno-villas-74100.jpg","contentUrl":"https:\/\/www.rethymno-villas.gr\/wp-content\/uploads\/2019\/01\/rethymno-villas-74100.jpg","width":708,"height":97,"caption":"Rethymno Villas"},"image":{"@id":"https:\/\/www.rethymno-villas.gr\/en\/#\/schema\/logo\/image\/"}}]}},"_links":{"self":[{"href":"https:\/\/www.rethymno-villas.gr\/de\/wp-json\/wp\/v2\/pages\/2050\/"}],"collection":[{"href":"https:\/\/www.rethymno-villas.gr\/de\/wp-json\/wp\/v2\/pages\/"}],"about":[{"href":"https:\/\/www.rethymno-villas.gr\/de\/wp-json\/wp\/v2\/types\/page\/"}],"author":[{"embeddable":true,"href":"https:\/\/www.rethymno-villas.gr\/de\/wp-json\/wp\/v2\/users\/1\/"}],"replies":[{"embeddable":true,"href":"https:\/\/www.rethymno-villas.gr\/de\/wp-json\/wp\/v2\/comments\/?post=2050"}],"version-history":[{"count":0,"href":"https:\/\/www.rethymno-villas.gr\/de\/wp-json\/wp\/v2\/pages\/2050\/revisions\/"}],"up":[{"embeddable":true,"href":"https:\/\/www.rethymno-villas.gr\/de\/wp-json\/wp\/v2\/pages\/2048\/"}],"wp:attachment":[{"href":"https:\/\/www.rethymno-villas.gr\/de\/wp-json\/wp\/v2\/media\/?parent=2050"}],"curies":[{"name":"wp","href":"https:\/\/api.w.org\/{rel}","templated":true}]}}