{"id":2041,"date":"2019-01-18T07:09:45","date_gmt":"2019-01-18T05:09:45","guid":{"rendered":"https:\/\/rethymno-villas.gr\/?page_id=2041"},"modified":"2019-04-15T08:52:50","modified_gmt":"2019-04-15T05:52:50","slug":"home-fr","status":"publish","type":"page","link":"https:\/\/www.rethymno-villas.gr\/fr\/","title":{"rendered":"Home fr"},"content":{"rendered":"","protected":false},"excerpt":{"rendered":"","protected":false},"author":1,"featured_media":0,"parent":2044,"menu_order":0,"comment_status":"closed","ping_status":"closed","template":"templates\/front-page.php","meta":{"_acf_changed":false,"footnotes":""},"class_list":["post-2041","page","type-page","status-publish","hentry"],"acf":[],"yoast_head":"<!-- This site is optimized with the Yoast SEO plugin v25.6 - https:\/\/yoast.com\/wordpress\/plugins\/seo\/ -->\n<title>Vacances R\u00e9thymnon dans une villa de luxe avec piscine priv\u00e9e et cuisine<\/title>\n<meta name=\"description\" content=\"Vacances R\u00e9thymnon en 4 villas dans les villages de Gerani et d&#039;Atsipopoulo. Location de villas \u00e0 Rethymnon avec piscine priv\u00e9e - avec cuisine - Wifi gratuit\" \/>\n<meta name=\"robots\" content=\"index, follow, max-snippet:-1, max-image-preview:large, max-video-preview:-1\" \/>\n<link rel=\"canonical\" href=\"https:\/\/www.rethymno-villas.gr\/fr\/book-now\/home-fr\/\" \/>\n<meta property=\"og:locale\" content=\"fr_FR\" \/>\n<meta property=\"og:type\" content=\"article\" \/>\n<meta property=\"og:title\" content=\"Vacances R\u00e9thymnon dans une villa de luxe avec piscine priv\u00e9e et cuisine\" \/>\n<meta property=\"og:description\" content=\"Vacances R\u00e9thymnon en 4 villas dans les villages de Gerani et d&#039;Atsipopoulo. Location de villas \u00e0 Rethymnon avec piscine priv\u00e9e - avec cuisine - Wifi gratuit\" \/>\n<meta property=\"og:url\" content=\"https:\/\/www.rethymno-villas.gr\/fr\/book-now\/home-fr\/\" \/>\n<meta property=\"og:site_name\" content=\"Rethymno Villas\" \/>\n<meta property=\"article:modified_time\" content=\"2019-04-15T05:52:50+00:00\" \/>\n<meta name=\"twitter:card\" content=\"summary_large_image\" \/>\n<!-- \/ Yoast SEO plugin. -->","yoast_head_json":{"title":"Vacances R\u00e9thymnon dans une villa de luxe avec piscine priv\u00e9e et cuisine","description":"Vacances R\u00e9thymnon en 4 villas dans les villages de Gerani et d'Atsipopoulo. Location de villas \u00e0 Rethymnon avec piscine priv\u00e9e - avec cuisine - Wifi gratuit","robots":{"index":"index","follow":"follow","max-snippet":"max-snippet:-1","max-image-preview":"max-image-preview:large","max-video-preview":"max-video-preview:-1"},"canonical":"https:\/\/www.rethymno-villas.gr\/fr\/book-now\/home-fr\/","og_locale":"fr_FR","og_type":"article","og_title":"Vacances R\u00e9thymnon dans une villa de luxe avec piscine priv\u00e9e et cuisine","og_description":"Vacances R\u00e9thymnon en 4 villas dans les villages de Gerani et d'Atsipopoulo. Location de villas \u00e0 Rethymnon avec piscine priv\u00e9e - avec cuisine - Wifi gratuit","og_url":"https:\/\/www.rethymno-villas.gr\/fr\/book-now\/home-fr\/","og_site_name":"Rethymno Villas","article_modified_time":"2019-04-15T05:52:50+00:00","twitter_card":"summary_large_image","schema":{"@context":"https:\/\/schema.org","@graph":[{"@type":"WebPage","@id":"https:\/\/www.rethymno-villas.gr\/fr\/book-now\/home-fr\/","url":"https:\/\/www.rethymno-villas.gr\/fr\/book-now\/home-fr\/","name":"Vacances R\u00e9thymnon dans une villa de luxe avec piscine priv\u00e9e et cuisine","isPartOf":{"@id":"https:\/\/www.rethymno-villas.gr\/en\/#website"},"datePublished":"2019-01-18T05:09:45+00:00","dateModified":"2019-04-15T05:52:50+00:00","description":"Vacances R\u00e9thymnon en 4 villas dans les villages de Gerani et d'Atsipopoulo. Location de villas \u00e0 Rethymnon avec piscine priv\u00e9e - avec cuisine - Wifi gratuit","breadcrumb":{"@id":"https:\/\/www.rethymno-villas.gr\/fr\/book-now\/home-fr\/#breadcrumb"},"inLanguage":"fr-FR","potentialAction":[{"@type":"ReadAction","target":["https:\/\/www.rethymno-villas.gr\/fr\/book-now\/home-fr\/"]}]},{"@type":"BreadcrumbList","@id":"https:\/\/www.rethymno-villas.gr\/fr\/book-now\/home-fr\/#breadcrumb","itemListElement":[{"@type":"ListItem","position":1,"name":"Home","item":"https:\/\/www.rethymno-villas.gr\/fr\/book-now\/home-fr\/"},{"@type":"ListItem","position":2,"name":"Reserve maintenant","item":"https:\/\/www.rethymno-villas.gr\/fr\/book-now\/"},{"@type":"ListItem","position":3,"name":"Home fr"}]},{"@type":"WebSite","@id":"https:\/\/www.rethymno-villas.gr\/en\/#website","url":"https:\/\/www.rethymno-villas.gr\/en\/","name":"Rethymno Villas","description":"","publisher":{"@id":"https:\/\/www.rethymno-villas.gr\/en\/#organization"},"potentialAction":[{"@type":"SearchAction","target":{"@type":"EntryPoint","urlTemplate":"https:\/\/www.rethymno-villas.gr\/en\/?s={search_term_string}"},"query-input":{"@type":"PropertyValueSpecification","valueRequired":true,"valueName":"search_term_string"}}],"inLanguage":"fr-FR"},{"@type":"Organization","@id":"https:\/\/www.rethymno-villas.gr\/en\/#organization","name":"Rethymno Villas","url":"https:\/\/www.rethymno-villas.gr\/en\/","logo":{"@type":"ImageObject","inLanguage":"fr-FR","@id":"https:\/\/www.rethymno-villas.gr\/en\/#\/schema\/logo\/image\/","url":"https:\/\/www.rethymno-villas.gr\/wp-content\/uploads\/2019\/01\/rethymno-villas-74100.jpg","contentUrl":"https:\/\/www.rethymno-villas.gr\/wp-content\/uploads\/2019\/01\/rethymno-villas-74100.jpg","width":708,"height":97,"caption":"Rethymno Villas"},"image":{"@id":"https:\/\/www.rethymno-villas.gr\/en\/#\/schema\/logo\/image\/"}}]}},"_links":{"self":[{"href":"https:\/\/www.rethymno-villas.gr\/fr\/wp-json\/wp\/v2\/pages\/2041\/"}],"collection":[{"href":"https:\/\/www.rethymno-villas.gr\/fr\/wp-json\/wp\/v2\/pages\/"}],"about":[{"href":"https:\/\/www.rethymno-villas.gr\/fr\/wp-json\/wp\/v2\/types\/page\/"}],"author":[{"embeddable":true,"href":"https:\/\/www.rethymno-villas.gr\/fr\/wp-json\/wp\/v2\/users\/1\/"}],"replies":[{"embeddable":true,"href":"https:\/\/www.rethymno-villas.gr\/fr\/wp-json\/wp\/v2\/comments\/?post=2041"}],"version-history":[{"count":0,"href":"https:\/\/www.rethymno-villas.gr\/fr\/wp-json\/wp\/v2\/pages\/2041\/revisions\/"}],"up":[{"embeddable":true,"href":"https:\/\/www.rethymno-villas.gr\/fr\/wp-json\/wp\/v2\/pages\/2044\/"}],"wp:attachment":[{"href":"https:\/\/www.rethymno-villas.gr\/fr\/wp-json\/wp\/v2\/media\/?parent=2041"}],"curies":[{"name":"wp","href":"https:\/\/api.w.org\/{rel}","templated":true}]}}